{"id":455,"date":"2020-11-19T02:22:37","date_gmt":"2020-11-19T02:22:37","guid":{"rendered":"http:\/\/lchalmandrier.legtux.org\/research\/?page_id=455"},"modified":"2026-02-10T09:51:52","modified_gmt":"2026-02-10T09:51:52","slug":"communications","status":"publish","type":"page","link":"http:\/\/lchalmandrier.legtux.org\/research\/communications\/","title":{"rendered":"Communications"},"content":{"rendered":"\n<p class=\"has-medium-font-size\"><strong>Scientific conferences<\/strong><\/p>\n\n\n\n<p><strong>L. Chalmandrier, <\/strong>Challier L., Satrin C., Thuiller W. &amp; Arbel J.<strong> <\/strong>Combiner r\u00e9seaux de neurones et traits fonctionnels pour calibrer des mod\u00e8les m\u00e9canistes de communaut\u00e9s. Oral presentation. Prospective Biodiversit\u00e9 &amp; IA. CNRS \u00c9cologie &amp; Environnement. 13-14 october 2025<\/p>\n\n\n\n<p><strong>L. Chalmandrier. <\/strong>Consequences of the spatio-temporal variation of connectivity on communities. Insights from drying river networks. Oral presentation. Biannual meeting of the <em>Soci\u00e9t\u00e9 Fran\u00e7aise d&#8217;Ecologie, 21-25 October 2024, Lyon, France<\/em><\/p>\n\n\n\n<p><strong>L. Chalmandrier. <\/strong>Ecological strategies in intermittent river networks. Oral presentation. <em><em><em>Annual meeting of the GDR Theomodiv<\/em> 16-18 October 2023, Montpellier, France<\/em><\/em>.<\/p>\n\n\n\n<p><strong>L. Chalmandrier. <\/strong>Modeling abiotic and biotic filtering with functional traits (in plant communities). Oral presentation. <em>Intecol 28 August \u2013 2 September 2022, Geneva, Switzerland<\/em><\/p>\n\n\n\n<p><strong>L. Chalmandrier<\/strong>. Calibrating community model with functional traits. <em><em>Oral Presentation. <em>Annual meeting of the GDR of Statistical Ecology<\/em> 4-5 April 2022, Montpellier, France<\/em><\/em>. <a href=\"https:\/\/www.youtube.com\/watch?v=sDuiiA4rRiw&amp;list=PLehlDMDBZpUV4LbrxeytAtg5yzwU1tDdC&amp;index=1&amp;t=24646s\">Video link<\/a> (in french)<\/p>\n\n\n\n<p><strong>L. Chalmandrier<\/strong>, D. Stouffer, A. Purcell, W. Lee, A. Tanentzap &amp; D. Laughlin. Predictions of biodiversity are improved by integrating trait-based competition with abiotic filtering. <em>Gesellschaft f\u00fcr \u00d6kologie 30 August &#8211; 1 September 2021<\/em> <\/p>\n\n\n\n<figure class=\"wp-block-video\"><video height=\"720\" style=\"aspect-ratio: 1280 \/ 720;\" width=\"1280\" controls src=\"http:\/\/lchalmandrier.legtux.org\/research\/wp-content\/uploads\/2021\/09\/21-O05_Chalmandrier.mp4\"><\/video><\/figure>\n\n\n\n<p><\/p>\n\n\n\n<p><strong>L. Chalmandrier<\/strong>, D. Stouffer, F. Hartig, L. Pellissier &amp; D. Laughlin. Calibrating community models through functional traits. <em>International Statistical Ecology Conference: June 2020<\/em> (online).<\/p>\n\n\n\n<p><strong>L. Chalmandrier<\/strong>, F. Hartig &amp; L. Pellissier. Calibrating community demographic models through functional traits &#8211; A proof of concept. <em>Annual meeting of the Ecological Society of America 5-10 August 2018, New Orleans, USA.<\/em><\/p>\n\n\n\n<p><strong>L. Chalmandrier<\/strong>, F. Hartig &amp; L. Pellissier. Calibrating community demographic models through functional traits &#8211; A proof of concept. <em>Annual symposium of the International Association for Vegetation Science 22-27 July 2018, Bozeman, USA.<\/em><\/p>\n\n\n\n<p><strong>L. Chalmandrier<\/strong>, F. Hartig &amp; L. Pellissier. Fitting community mechanistic models to empirical data through functional traits &#8211; A proof of concept. <em>Joint meeting British Ecological Society &#8211; Gesellschaft f\u00fcr \u00d6kologie 11-14 December 2017, Ghent, Belgium.<\/em><\/p>\n\n\n\n<p><strong>L. Chalmandrier<\/strong>, C. Albouy &amp; L. Pellissier. Plant productivity-diversity relationships &#8211; A theoretical approach to understand the influence of species pool structure. Oral presentation. <em>Biannual meeting\u00a0 Soci\u00e9t\u00e9 Fran\u00e7aise d&#8217;Ecologie, 24-27 October 2016, Marseille, France<\/em><\/p>\n\n\n\n<p><strong>L. Chalmandrier<\/strong>, T.M\u00fcnkem\u00fcller, S. Lavergne &amp; W. Thuiller. Integrating different methodologies to analyse diversity patterns. Oral Presentation.<em> Annual meeting of the GDR of Statistical Ecology 12 &#8211; 13th March 2015, Lyon, France<\/em><\/p>\n\n\n\n<p><strong>L. Chalmandrier<\/strong>, T. M\u00fcnkem\u00fcller, M.-P. Colace, J. Renaud, S. Lavergne &amp; W. Thuiller. Spatial scale and intraspecific variability influence the response of alpine grassland functional diversity to environmental gradients<em>. <\/em>Oral presentation.<em> Joint meeting British Ecological Society &#8211; Soci\u00e9t\u00e9 Fran\u00e7aise d&#8217;Ecologie, 10-12 December 2014, Lille, France<\/em><\/p>\n\n\n\n<p><strong>L. Chalmandrier<\/strong>, T.M\u00fcnkem\u00fcller, S. Lavergne &amp; W. Thuiller. Effects of species&#8217; similarity and dominance on the functional and phylogenetic structure of a plant meta-community. Oral Presentation.<em> International Statistical Ecology Conference 1 &#8211; 4 July 2014, Montpellier, France<\/em><\/p>\n\n\n\n<p><strong>L. Chalmandrier,<\/strong> T. M\u00fcnkem\u00fcller, S. Lavergne &amp; W. Thuiller. Jointly analyzing meta-community structure, phylogenetic and functional diversity reveals otherwise hidden assembly processes. Poster presentation.<em> Faster, Higher, More? Past, Present and Future Dynamics of Alpine and Arctic Flora under Climate Change 22 &#8211; 25 September 2013, Berg\u00fcn, Switzerland<\/em><\/p>\n\n\n\n<p class=\"has-medium-font-size\"><strong>Invited seminars<\/strong><\/p>\n\n\n\n<p>Teasing apart the processes that shape communities.  MathBio group. Universit\u00e9 Grenoble-Alpes (November 2023)<\/p>\n\n\n\n<p>Teasing apart the processes that shape communities.  INRAE (Grenoble) (Octobre 2023)<\/p>\n\n\n\n<p>The effect of drying on stream diversity. Dryver Webinar. With Annika Vilmi. (November 2023). <a href=\"https:\/\/www.youtube.com\/watch?v=da-igigZiTY\">Recorded webinar<\/a><\/p>\n\n\n\n<p>Teasing apart the processes that shape communities. IEES. Sorbonne Universit\u00e9 (April 2023)<\/p>\n\n\n\n<p>Predictions of biodiversity are improved by integrating trait-based competition with abiotic filtering. <em>Seminar at the Biology department of the University of Canterbury (April 2021).<\/em><\/p>\n\n\n\n<p>Disentangling assembly rules. <em>Seminar at the Biology department of the University of Wyoming (April 2019).<\/em><\/p>\n\n\n\n<p class=\"has-medium-font-size\"><strong>Outreach<\/strong><\/p>\n\n\n\n<p><strong>Science is Wonderful<\/strong>!  &#8211; Online event organized by MSCA Actions. November 2021. Presentation of the cold adaptations of alpine plants to the pupils of the primary school of Saint Bauzille de la Sylve (France)<\/p>\n\n\n\n<p><strong>Career days <\/strong>&#8211; October 2019. Lyc\u00e9e G\u00e9n\u00e9ral et Technologique St Marc, Nivolas-Vermelle, France. (Highschool)<br>Discussion with prospective students about academic careers and ecology-related fields.<\/p>\n\n\n\n<p><strong>Geology trip participant <\/strong>&#8211; November 2014. Lyc\u00e9e G\u00e9n\u00e9ral et Technologique St Marc, Nivolas-Vermelle, France. <br>Co-supervision of high school geology field trip. Communications about basic mountain ecology notions.<\/p>\n\n\n\n<p><\/p>\n","protected":false},"excerpt":{"rendered":"<p>Scientific conferences L. Chalmandrier, Challier L., Satrin C., Thuiller W. &amp; Arbel J. Combiner r\u00e9seaux de neurones et traits fonctionnels pour calibrer des mod\u00e8les m\u00e9canistes de communaut\u00e9s. Oral presentation. Prospective Biodiversit\u00e9 &amp; IA. CNRS \u00c9cologie &amp; Environnement. 13-14 october 2025 L. Chalmandrier. Consequences of the spatio-temporal variation of connectivity on communities. Insights from drying river [&hellip;]<\/p>\n","protected":false},"author":1,"featured_media":0,"parent":0,"menu_order":0,"comment_status":"closed","ping_status":"closed","template":"","meta":{"footnotes":""},"class_list":["post-455","page","type-page","status-publish","hentry"],"_links":{"self":[{"href":"http:\/\/lchalmandrier.legtux.org\/research\/wp-json\/wp\/v2\/pages\/455","targetHints":{"allow":["GET"]}}],"collection":[{"href":"http:\/\/lchalmandrier.legtux.org\/research\/wp-json\/wp\/v2\/pages"}],"about":[{"href":"http:\/\/lchalmandrier.legtux.org\/research\/wp-json\/wp\/v2\/types\/page"}],"author":[{"embeddable":true,"href":"http:\/\/lchalmandrier.legtux.org\/research\/wp-json\/wp\/v2\/users\/1"}],"replies":[{"embeddable":true,"href":"http:\/\/lchalmandrier.legtux.org\/research\/wp-json\/wp\/v2\/comments?post=455"}],"version-history":[{"count":21,"href":"http:\/\/lchalmandrier.legtux.org\/research\/wp-json\/wp\/v2\/pages\/455\/revisions"}],"predecessor-version":[{"id":641,"href":"http:\/\/lchalmandrier.legtux.org\/research\/wp-json\/wp\/v2\/pages\/455\/revisions\/641"}],"wp:attachment":[{"href":"http:\/\/lchalmandrier.legtux.org\/research\/wp-json\/wp\/v2\/media?parent=455"}],"curies":[{"name":"wp","href":"https:\/\/api.w.org\/{rel}","templated":true}]}}