{"id":40,"date":"2014-12-16T10:35:35","date_gmt":"2014-12-16T10:35:35","guid":{"rendered":"http:\/\/lchalmandrier.legtux.org\/research\/?page_id=40"},"modified":"2026-02-10T10:16:46","modified_gmt":"2026-02-10T10:16:46","slug":"teaching","status":"publish","type":"page","link":"http:\/\/lchalmandrier.legtux.org\/research\/teaching\/","title":{"rendered":"Supervision &amp; Teaching"},"content":{"rendered":"<h3>Mentored PhD students<\/h3>\n<p><span><a href=\"https:\/\/www.researchgate.net\/profile\/Lysandre-Journiac\">Lysandre Journiac <\/a>(2024-2027) &#8211; Characterizing the diversity of medicinal plants in the Alps, their distribution and the threats to their populations. Main supervisors: Matthias Greni\u00e9 &amp; Tamara M\u00fcnkem\u00fcller. Funded by the Ecole Doctorale of the Universit\u00e9 Grenoble-Alpes. <\/span><\/p>\n<h3 style=\"text-align: left;\">Master students supervision<\/h3>\n<p>Matthis Faye (2026) &#8211; MSc. Lyon University, Lyon. Co-sup. : F. Munoz.<br \/>\n<em>Trait diversity of metacommunities in intermittent river networks &#8211; a theoretical approch<\/em><\/p>\n<p>Quentin Faye (2025) &#8211; MSc. Rennes University. Co-sup : J. Arbel<br \/>\n<em>Estimations et identifiabilit\u00e9 des param\u00e8tres d\u2019un mod\u00e8le m\u00e9caniste de communaut\u00e9s v\u00e9g\u00e9tales, \u00e0 partir d\u2019une approche d\u2019Approximate Bayesian Computation<\/em><\/p>\n<p>Lysandre Journiac (2024) &#8211; MSc., Museum d&#8217;Histoire Naturelle, Paris<br \/>\nCo-sup : F. Munoz<br \/>\n<em>Diversity of metacommunities in intermittent river networks &#8211; a theoretical approch<\/em><\/p>\n<p>Manon Le Bihan (2024) &#8211; MSc., Universit\u00e9 Grenoble-Alpes, Grenoble<br \/>\n<em>Effects of river intermittence on microbial communities<\/em>. Co-sup : A. Foulquier<\/p>\n<p>Martin Philippe (2019-2020) &#8211; MSc. student, \u00c9cole Normale Sup\u00e9rieure Paris-Saclay. <em>Implementing functional traits in Lotka-Volterra models &#8211; a theoretical approach.<\/em><\/p>\n<p>Sebastian Schneider (2017) &#8211; MSc. Student, ETH Z\u00fcrich<br \/>\n<em>Modeling Biodiversity in Switzerland with Machine Learning and Remote Sensing data. <\/em>Co-sup: L. Pellissier<\/p>\n<p>Hanneke Van\u2019t Veen (2017) &#8211;\u00a0MSc. Student, ETH Z\u00fcrich<br \/>\n<em>A landscape scale analysis of the relation between grassland productivity, diversity and trait composition in a drying climate<\/em>. Co-sup: L. Pellissier<\/p>\n<p>Sol\u00e8ne Knipping (01\/2015-06\/2015) &#8211; MSc. student, \u00c9cole Normale Sup\u00e9rieure de Lyon.<br \/>\n<em>How does productivity relates to functional and phylogenetic diversity over space? <\/em>Co-sup: Wilfried Thuiller<\/p>\n<p><a href=\"https:\/\/www.researchgate.net\/profile\/Marc_Ohlmann\">Marc Ohlmann<\/a> (01\/2015-06\/2015) &#8211; MSc. student, \u00c9cole Polytechnique.<br \/>\n<em>Deciphering the role of multi-trophic occurrence networks and associated diversity on ecosystem functioning. <\/em>Co-sup: Wilfried Thuiller<\/p>\n<p><a href=\"https:\/\/alex.lecairn.org\/\">Alexandre G\u00e9nin<\/a> (09\/2013-12\/2013) &#8211; MSc. student, \u00c9cole Normale Sup\u00e9rieure de Lyon.<br \/>\n<em>Phylogenetic diversity dynamics, patterns and uncertainties in permafrost data. <\/em>Co-sup: Wilfried Thuiller<\/p>\n<h3 style=\"text-align: left;\">Lectures<\/h3>\n<h3>2023<\/h3>\n<p>&#8211; Analysis of community trait patterns (6h course and practical). Training school of the Dryver project &#8211; PhD level &#8211; University of P\u00e9cs (Hungary)<\/p>\n<h3>2022<\/h3>\n<p>&#8211; Introduction to statistics and R (30 h) &#8211; BSc. to PhD level &#8211; University of Regensburg (Germany)<\/p>\n<h3>2021<\/h3>\n<p>&#8211; Evaluations of student research projects (4h) &#8211; MSc. level &#8211; University of Canterbury (New Zealand)<\/p>\n<h3 style=\"text-align: left;\">2016 &#8211; 2017<\/h3>\n<p>&#8211; Biodiversity modelling (Lectures and practicals 20h) &#8211; MSc. level &#8211; ETH Z\u00fcrich (Switzerland)<br \/>\n&#8211; Essay in Biology, Ecology and Environmental Sciences (20 h) &#8211; MSc. level &#8211; ETH Z\u00fcrich (Switzerland)<\/p>\n<h3 style=\"text-align: left;\">2012-2015<\/h3>\n<p>&#8211; Biostatistics practicals &#8220;Multivariate analysis with R&#8221; for Master I, Grenoble, France\u00a0 (96h)<br \/>\n&#8211; General Ecology practicals for L2, Grenoble, France (30h)<br \/>\n&#8211; Community ecology course, Joseph Fourier University, Grenoble, France, M2. (12h) &#8211; <em>Lecture and practicals on diversity indices and trait-environment relationships<br \/>\n<\/em><\/p>\n","protected":false},"excerpt":{"rendered":"<p>Mentored PhD students Lysandre Journiac (2024-2027) &#8211; Characterizing the diversity of medicinal plants in the Alps, their distribution and the threats to their populations. Main supervisors: Matthias Greni\u00e9 &amp; Tamara M\u00fcnkem\u00fcller. Funded by the Ecole Doctorale of the Universit\u00e9 Grenoble-Alpes. Master students supervision Matthis Faye (2026) &#8211; MSc. Lyon University, Lyon. Co-sup. : F. Munoz. [&hellip;]<\/p>\n","protected":false},"author":1,"featured_media":0,"parent":0,"menu_order":3,"comment_status":"closed","ping_status":"closed","template":"","meta":{"footnotes":""},"class_list":["post-40","page","type-page","status-publish","hentry"],"_links":{"self":[{"href":"http:\/\/lchalmandrier.legtux.org\/research\/wp-json\/wp\/v2\/pages\/40","targetHints":{"allow":["GET"]}}],"collection":[{"href":"http:\/\/lchalmandrier.legtux.org\/research\/wp-json\/wp\/v2\/pages"}],"about":[{"href":"http:\/\/lchalmandrier.legtux.org\/research\/wp-json\/wp\/v2\/types\/page"}],"author":[{"embeddable":true,"href":"http:\/\/lchalmandrier.legtux.org\/research\/wp-json\/wp\/v2\/users\/1"}],"replies":[{"embeddable":true,"href":"http:\/\/lchalmandrier.legtux.org\/research\/wp-json\/wp\/v2\/comments?post=40"}],"version-history":[{"count":22,"href":"http:\/\/lchalmandrier.legtux.org\/research\/wp-json\/wp\/v2\/pages\/40\/revisions"}],"predecessor-version":[{"id":649,"href":"http:\/\/lchalmandrier.legtux.org\/research\/wp-json\/wp\/v2\/pages\/40\/revisions\/649"}],"wp:attachment":[{"href":"http:\/\/lchalmandrier.legtux.org\/research\/wp-json\/wp\/v2\/media?parent=40"}],"curies":[{"name":"wp","href":"https:\/\/api.w.org\/{rel}","templated":true}]}}