{"id":18,"date":"2014-12-16T10:05:32","date_gmt":"2014-12-16T10:05:32","guid":{"rendered":"http:\/\/lchalmandrier.legtux.org\/research\/?page_id=18"},"modified":"2026-03-17T15:49:28","modified_gmt":"2026-03-17T15:49:28","slug":"publications","status":"publish","type":"page","link":"http:\/\/lchalmandrier.legtux.org\/research\/publications\/","title":{"rendered":"Publications &#038; Reviewing"},"content":{"rendered":"<p style=\"text-align: center;\">Publications<\/p>\n<p style=\"padding-left: 150px; text-align: right;\">(* Co-supervised students)<\/p>\n<p>28 &#8211; <strong>L. Chalmandrier<\/strong>, D. Cunillera-Montcusi, N. Lopez-Rojo, M. Canedo-Arguelles, Z. Csabai, A. Foulquier, F. Jabot, M. Milisa, H. Mykra, P. Paril, B. Pernecker, L. Polovic, R. Sarremejane, H. Snare, M. Soria, T. Datry, N. Bonada, F. Munoz. Natural Disturbances and Connectivity Drive Seasonal Taxonomic and Trait Patterns of Aquatic Macroinvertebrate Communities Across Europe. 2025. Global Ecology and Biogeography 34(5) e70047.<\/p>\n<p>27 &#8211; L. Journiac*, F. Jabot, C. Jacquet, A. K\u00fcnne, M. L. Messager, L. Mimeau, T. Datry<sub>,<\/sub> N. Bonada, F. Munoz &amp;<strong> L. Chalmandrier<\/strong>. Exploring the spatio-temporal dynamics of disturbed metacommunities: a mechanistic modeling approach to species resistance and resilience strategies in Drying River Networks. 2025. Ecological Modelling 506 (111136) (<a href=\"_wp_link_placeholder\" data-wplink-edit=\"true\">here<\/a>)<\/p>\n<p>26 &#8211; M. Rohr, W. Thuiller, <strong>L. Chalmandrier<\/strong>, T. M\u00fcnkem\u00fcller. The role of observation scales, trait correlations and competitive regimes in community assembly patterns. 2025. Ecology and Evolution 15(4) e71272 (<a href=\"http:\/\/dx.doi.org\/10.1002\/ece3.71272\">here)<\/a><\/p>\n<p>25 &#8211; R. Novella-Fernandez, <strong>L. Chalmandrier<\/strong>, R. Brandl, S. Pinkert, D. Zeuss, and C. Hof. Trait overdispersion in dragonflies reveals the role and drivers of competition in community assembly across space and season. 2024. Ecography. e06918 (<a href=\"https:\/\/www.researchgate.net\/profile\/Roberto_Fernandez28\/publication\/370016814_Morphological_overdispersion_supports_the_role_of_competition_in_the_community_assembly_of_dragonflies_drivers_and_spatio-seasonal_variation\/links\/643f0c3e2eca706c8b699a1c\/Morphological-overdispersion-supports-the-role-of-competition-in-the-community-assembly-of-dragonflies-drivers-and-spatio-seasonal-variation.pdf\" data-type=\"URL\" data-id=\"https:\/\/www.researchgate.net\/profile\/Roberto_Fernandez28\/publication\/370016814_Morphological_overdispersion_supports_the_role_of_competition_in_the_community_assembly_of_dragonflies_drivers_and_spatio-seasonal_variation\/links\/643f0c3e2eca706c8b699a1c\/Morphological-overdispersion-supports-the-role-of-competition-in-the-community-assembly-of-dragonflies-drivers-and-spatio-seasonal-variation.pdf\">here<\/a>)<\/p>\n<p id=\"page-title\" class=\"highwire-cite-title\">24 &#8211; W. Thuiller, I. Calderon-Sanou, <strong>L. Chalmandrier<\/strong>, P. Ga\u00fczere, L. O\u2019Connor, M. Ohlmann, G. Poggiato and T. M\u00fcnkem\u00fcller. Navigating the integration of biotic Interactions in biogeography. 2023. Journal of Biogeography. Early view (here)<\/p>\n<p class=\"highwire-cite-title\">23 &#8211; <span class=\"highwire-citation-authors\"><span class=\"highwire-citation-author first hw-author-orcid-logo-wrapper has-tooltip hasTooltip\" data-delta=\"0\" data-hasqtip=\"0\" aria-describedby=\"qtip-0\"> <span class=\"nlm-given-names\">S.<\/span> <span class=\"nlm-surname\">Rosbakh<\/span><\/span>, <strong><span class=\"highwire-citation-author hw-author-orcid-logo-wrapper has-tooltip hasTooltip\" data-delta=\"1\" data-hasqtip=\"3\" aria-describedby=\"qtip-3\"><span class=\"nlm-given-names\">L.<\/span> <span class=\"nlm-surname\">Chalmandrier<\/span><\/span><\/strong>, <span class=\"highwire-citation-author hw-author-orcid-logo-wrapper has-tooltip hasTooltip\" data-delta=\"2\" data-hasqtip=\"2\"> <span class=\"nlm-given-names\">S.<\/span> <span class=\"nlm-surname\">Phartyal<\/span><\/span>, <span class=\"highwire-citation-author hw-author-orcid-logo-wrapper has-tooltip hasTooltip\" data-delta=\"3\" data-hasqtip=\"1\" aria-describedby=\"qtip-1\"><span class=\"nlm-given-names\">P.<\/span> <span class=\"nlm-surname\">Poschlod. <\/span><\/span><\/span>Inferring community assembly processes from functional seed trait variation along temperature gradient. 2022. Journal of Ecology 110 (10): 2374-2387 (here)<\/p>\n<p>22 &#8211; <strong>L. Chalmandrier<\/strong>, D. Stouffer, A. Purcell, W. Lee, A. Tanentzap &amp; D. Laughlin. Predictions of biodiversity are improved by integrating trait-based competition with abiotic filtering. 2022. Ecology Letters, 25 1277-1289 (<a href=\"https:\/\/onlinelibrary.wiley.com\/doi\/full\/10.1111\/ele.13980\">here<\/a>)<\/p>\n<p>21 &#8211; <strong>L. Chalmandrier<\/strong>, F. Hartig, D. C. Laughlin, H. Lischke, M. Pichler, D. B. Stouffer, L. Pellissier. Linking functional traits and demography to model species-rich communities. 2021. Nature Communications, 12, 2724 (<a href=\"https:\/\/www.nature.com\/articles\/s41467-021-22630-1\">here<\/a>) &#8211; <em>Chosen as one of the <a href=\"http:\/\/www.nature.com\/collections\/jadchbbhdi\">Editor&#8217;s highlights<\/a><\/em><\/p>\n<p>20 &#8211; H. van\u2019t Veen*, <strong>L. Chalmandrier<\/strong>, N. Sandau, M. Nobis, P. Descombes, A. Psomas, Y. Hautier, L. Pellissier. A landscape scale assessment of the relationship between grassland functioning, community diversity and functional traits. 2020 Ecology &amp; Evolution: 10 (18): 9906-9919 (<a href=\"https:\/\/onlinelibrary.wiley.com\/doi\/full\/10.1002\/ece3.6650\">here<\/a>)<\/p>\n<p>19 &#8211; T. M\u00fcnkem\u00fcller, L. Gallien, L. J. Pollock,C. Barros, M. Carboni, <strong>L. Chalmandrier<\/strong>, F. Mazel, K. Mokany, C. Roquet, J. Smy\u010dka, M. Talluto, W. Thuiller<strong>.<\/strong> Do\u2019s and don\u2019ts when inferring assembly rules from diversity patterns. 2020. Global Ecology &amp; Biogeography, 29 (7): 1212-1229 <em>(<a href=\"https:\/\/onlinelibrary.wiley.com\/doi\/full\/10.1111\/geb.13098\">PDF<\/a>)<br \/><\/em><\/p>\n<p>18 &#8211; <strong>L. Chalmandrier<\/strong>, J. Pansu, L. Zinger, F. Boyer, E. Coissac, A. G\u00e9nin*, L. Gielly, S. Lavergne, N. Legay, V. Schilling, P. Taberlet, T. M\u00fcnkem\u00fcller &amp; W. Thuiller. Environmental and biotic drivers of soil microbial \u03b2-diversity across spatial and phylogenetic scale. 2019. Ecography: 42 (12), 2144-2156<em> (<a href=\"https:\/\/onlinelibrary.wiley.com\/doi\/full\/10.1111\/ecog.04492\">here<\/a>)<br \/><\/em><\/p>\n<p>17 &#8211; C. Martinez-Almoyna, W. Thuiller, <strong>L. Chalmandrier<\/strong>,\u00a0 J.C. Cl\u00e9ment, A. Foulquier, M. Ohlmann*, L. Zinger &amp; T. M\u00fcnkem\u00fcller. Multi-trophic \u03b2-diversity mediates the effect of environmental gradients on the turnover of multiple ecosystem functions. 2019. Functional Ecology: 33 (10), 2053-2064<em> (<a href=\"https:\/\/besjournals.onlinelibrary.wiley.com\/doi\/full\/10.1111\/1365-2435.13393\">here<\/a>)<\/em><\/p>\n<p>16 &#8211; M. Ohlmann*, V. Miele, S. Dray, <strong>L. Chalmandrier<\/strong>, L. O&#8217;Connor &amp; W. Thuiller. Diversity indices for ecological networks: a unifying framework using Hill numbers. 2019. Ecology Letters: 22, 737-747 <em>(<a href=\"https:\/\/onlinelibrary.wiley.com\/doi\/full\/10.1111\/ele.13221\">here<\/a>)<br \/><\/em><\/p>\n<p>15 &#8211; J. Meyer,<strong> L. Chalmandrier<\/strong>, F. F\u00e4ssler, C. Schefer, D. Rigling, S. Prospero. Role of fresh dead wood in the epidemiology and the biological control of an invasive fungal tree pathogen. 2019. Plant Disease.\u00a0<em>PDIS-05-18-0796-RE <\/em>(<a href=\"http:\/\/lchalmandrier.legtux.org\/research\/wp-content\/uploads\/2018\/10\/pdis-05-18-0796-re.pdf\">PDF<\/a>)<\/p>\n<p>14 &#8211; M. Ohlmann*, F. Mazel, <strong>L. Chalmandrier<\/strong>, S. Bec, J. Chave, E. Coissac, L. Gielly, J. Pansu, V. Schilling, P. Taberlet, L. Zinger &amp; W. Thuiller<strong>.<\/strong> Mapping the imprint of biotic interactions on \u03b2-diversity. 2018. Ecology Letters: 21, 1660-1669 <a href=\"http:\/\/lchalmandrier.legtux.org\/research\/wp-content\/uploads\/2018\/08\/Ohlmann2018EcoLett.pdf\">(PDF)<\/a><\/p>\n<p lang=\"en-GB\">13 &#8211; D. Laughlin, <strong>L. Chalmandrier<\/strong>, C. Joshi, M. Renton, J. Dwyer, J. Funk. Generating species assemblages for restoration and experimentation: a new method that can simultaneously converge on average trait values and maximize functional diversity. 2018. Methods in Ecology and Evolution 9, 1764-1771. <a href=\"http:\/\/lchalmandrier.legtux.org\/research\/wp-content\/uploads\/2018\/05\/Laughlin_et_al-2018-Methods_in_Ecology_and_Evolution.pdf\">(PDF)<\/a><em><br \/><\/em><\/p>\n<p class=\"western\" lang=\"en-GB\">12 &#8211; L. Pellissier, P. Descombes, O. Hagen, <strong>L. Chalmandrier<\/strong>, G. Glauser, A. Kergunteuil, E. Defossez, S. Rasmann. 2018. Growth-competition-herbivore resistance trade-offs and the responses of alpine plant communities to climate change. Functional Ecology 32: 1693 &#8211; 1703. <a href=\"https:\/\/besjournals.onlinelibrary.wiley.com\/doi\/full\/10.1111\/1365-2435.13075\">(PDF)<\/a><\/p>\n<p>11 &#8211;<strong> L. Chalmandrier<\/strong>, C. Albouy, P. Descombes, B. Sandel, S. Faurby, J.-C. Svenning, N. Zimmerman,\u00a0 L. Pellissier. 2018 Comparing spatial diversification and meta-population models in the Indo-Australian archipelago. Royal Society Open Science <span class=\"highwire-cite-metadata-volume highwire-cite-metadata\">5 171366. (<a href=\"http:\/\/rsos.royalsocietypublishing.org\/content\/royopensci\/5\/3\/171366.full.pdf\">PDF<\/a>)<\/span><\/p>\n<p>10 &#8211; J. Alexander, <strong>L. Chalmandrier<\/strong>, J. Lenoir, T. Burgess, E. Treena, F. Essl, S. Haider, C. Kueffer, K. McDougall, A. Milbau, M. Nu\u00f1ez, A. Pauchard, W. Rabitsch, L. Rew, N. Sanders &amp;\u00a0 L. Pellissier. 2018. Lags in the response of alpine plant communities to climate change. Global Change Biology 24: 563\u2013579 (<a href=\"http:\/\/lchalmandrier.legtux.org\/research\/wp-content\/uploads\/2018\/03\/Alexander_et_al-2017-Global_Change_Biology.pdf\">PDF<\/a>)<\/p>\n<p>9 &#8211;<strong> L. Chalmandrier<\/strong>,\u00a0 C. Albouy &amp; L. Pellissier. 2017. Species pool distributions along functional trade-offs shape plant productivity\u2013diversity relationships. Scientific Reports 7: 15405.\u00a0<a href=\"http:\/\/rdcu.be\/yp7A\">http:\/\/rdcu.be\/yp7A<\/a><\/p>\n<p>8 &#8211;<strong> L. Chalmandrier,\u00a0<\/strong> T. M\u00fcnkem\u00fcller, M.-P. Colace, J. Renaud, S. Aubert, B.Z. Carlson, J.-C. Cl\u00e9ment, N. Legay, G. Pellet, A. Saillard, S. Lavergne &amp; W. Thuiller. 2017. Spatial scale and intraspecific variability influence the response of alpine grassland functional diversity to environmental gradients<em>.<\/em> Journal of Ecology. 105: 277-287 (<a href=\"http:\/\/lchalmandrier.legtux.org\/research\/wp-content\/uploads\/2018\/03\/Chalmandrier_et_al-2017-Journal_of_Ecology.pdf\">PDF<\/a>)<\/p>\n<p>7 &#8211; A. Siefert, C. Violle,<strong> L. Chalmandrier<\/strong>, C.H. Albert, A. Taudiere et al. 2015. A global meta-analysis of the relative extent of intraspecific trait variation in plant communities. Ecology Letters. 18: 1406-1419. <a href=\"http:\/\/lchalmandrier.legtux.org\/research\/wp-content\/uploads\/2015\/11\/Siefert_et_al-2015-Ecology_Letters.pdf\">(PDF)<\/a><\/p>\n<p>6 &#8211;<b> L. Chalmandrier,<\/b> T. M\u00fcnkem\u00fcller, S. Lavergne &amp; W. Thuiller. Effects of species&#8217; similarity and dominance on the functional and phylogenetic structure of a plant meta-community. 2015. Ecology. 96: 143-153<i>. <\/i>(<a href=\"http:\/\/lchalmandrier.legtux.org\/research\/wp-content\/uploads\/2015\/02\/ChalmandrierEcology2015.pdf\">PDF<\/a>)<\/p>\n<p>5 &#8211;<b> L. Chalmandrier<\/b>, T. M\u00fcnkem\u00fcller, V. Devictor, S. Lavergne &amp; W. Thuiller.<i> <\/i>Decomposing changes in phylogenetic and functional biodiversity across space and time. 2015. Methods in Ecology and Evolution.<i> <\/i>6:\u00a0109\u2013118. (<a href=\"http:\/\/lchalmandrier.legtux.org\/research\/wp-content\/uploads\/2015\/01\/chalmandrier2015MEE.pdf\">PDF<\/a>)<\/p>\n<p>4 &#8211; W. Thuiller, M. Gu\u00e9guen, D. Georges, R. Bonet, <strong>L. <\/strong><b>Chalmandrier<\/b>, L. Garraud, J. Renaud, C. Roquet, J. Van Es, N.E. Zimmermann &amp; S. Lavergne 2014. Are different facets of plant diversity well protected in the face of climate and land use changes? A test study in the French Alps. Ecography. 37, 1254\u20131266 <a href=\"http:\/\/www.will.chez-alice.fr\/pdf\/Thuiller2014Ecography.pdf\">(PDF)<\/a><\/p>\n<p>3 &#8211;<b> L. Chalmandrier<\/b>, T. M\u00fcnkem\u00fcller, L. Gallien, F. de Bello, F. Mazel, S. Lavergne &amp; W. Thuiller. 2013. A family of null models to distinguish between environmental filtering and biotic interactions in functional diversity patterns. Journal of Vegetation Science.<b> <\/b>24, 853-864<b>. <\/b><a href=\"http:\/\/lchalmandrier.legtux.org\/research\/wp-content\/uploads\/2014\/12\/Chalmandrier2013JVS.pdf\">(PDF)<\/a><\/p>\n<p>2 &#8211;<b> L. Chalmandrier,<\/b> G. Midgley, P. Barnard &amp; C. Sirami. 2013. Effects of time since fire on birds in a plant diversity hotspot. Acta Oecologica. 49, 99-106. <a href=\"http:\/\/lchalmandrier.legtux.org\/research\/wp-content\/uploads\/2014\/12\/Chalmandrier2013ActaOeco.pdf\">(PDF)<\/a><\/p>\n<p>1 &#8211; M.M. Mayfield, J.M. Dwyer, <b>L. Chalmandrier<\/b>, J.A. Wells, S. P. Bonser, C. P. Catterall, F. DeClerck, Y. Ding, J.M. Fraterrigo, D.J. Metcalfe, C. Queiroz, P.A. Vesk &amp; J.W. Morgan 2013. Difference in forest plant functional trait distributions across land-use and productivity gradients. Journal of American Botany. 100, 1229-1233. (<a href=\"http:\/\/lchalmandrier.legtux.org\/research\/wp-content\/uploads\/2014\/12\/Mayfieldetal2013AJB.pdf\">PDF<\/a>)<b><\/b><\/p>\n\n\n<p><strong>Submitted<\/strong><\/p>\n\n\n\n<p>R. del Campo, T. Datry, A. Foulquier, N. L\u00f3pez-Rojo, <strong>L. Chalmandrier<\/strong>, Z. Csabai, D. Cunillera-Montcus\u00ed, A. A. Rodeles, F. J. Pe\u00f1as, B. Pernecker, N. Bonada, J. Barqu\u00edn, A. K\u00fcnne, R. Sarremejane, M. Soria, E. Est\u00e9vez, P. Pa\u0159il, H. Mykr\u00e4, M. Pol\u00e1\u0161ek, B. Loskotov\u00e1, L. Polovi\u0107, G. Singer. Drying halves decomposition rates in river networks by disrupting structure-function linkages. Global Change Biology. <em>In major revisions<\/em> (<a href=\"https:\/\/www.biorxiv.org\/content\/10.1101\/2025.10.07.680619v1\">preprint<\/a>)<\/p>\n\n\n\n<p>M. L. Messager, A. Vilmi, N. Bonada, A. Foulquier, Z. Csabai, <strong>L. Chalmandrier<\/strong>, H. Mykr\u00e4, P. Pa\u0159il, N. L\u00f3pez-Rojo, H. Sn\u00e5re, M. Pol\u00e1\u0161ek, B. Loskotov\u00e1, D. Cunillera-Montcus\u00ed, B. Pernecker, M. Ca\u00f1edo-Arg\u00fcelles, R. Sarremejane, A. M\u00f3ra, T. Datry. Contrasted biodiversity responses to drying in European rivers under climate change.<\/p>\n\n\n\n<p>R. Novella-Fernandez, R. Brandl, <strong>L. Chalmandrier<\/strong>, S. Pinkert, G. Talavera, D. Zeuss, C. Hof. Bergmann\u2019s Rule and Thermal Melanism Shape the Phenological Assembly of Butterfly Communities.<\/p>\n\n\n\n<p><\/p>\n\n\n\n<p><strong>Others<\/strong><br>L. Journiac, <strong>L. Chalmandrier<\/strong>, T. M\u00fcnkem\u00fcller, M. Greni\u00e9. Do we pick at random? Ecological biais in medicinal plants harvested in the French Alps. Poster presented by  by L. Journiac. British Ecological Society Annual meeting 15 Dec 2026 &#8211; 18 Dec 2025. Edimburg.  <a href=\"https:\/\/hal.science\/hal-05490928v2\">Link to poster<\/a><br><\/p>\n\n\n\n<p><strong>Publication reviewing<\/strong><br>Ecology Letters, Methods in Ecology and Evolution, Functional Ecology, Journal of Ecology, Journal of Vegetation Science, Molecular Ecology Resources, the American Naturalist, Proceedings B of the Royal Society, Ecography, Limnology and Oceanography Letters<br><br><a href=\"http:\/\/publons.com\/a\/1201255\/\">See my incomplete Publons profile<\/a><\/p>\n\n\n\n<p><strong>Grant proposal reviewing<\/strong><\/p>\n\n\n\n<p>Deutsche Forschungsgemeinschaft (DFG)<\/p>\n\n\n\n<p><br><\/p>\n\n\n\n<p><br><\/p>\n\n\n\n<p><\/p>\n\n\n\n<p><\/p>\n\n\n\n<p><\/p>\n\n\n\n<p><\/p>\n\n\n\n<p><\/p>\n\n\n\n<p><\/p>\n\n\n\n<p><\/p>\n\n\n\n<p><strong><br><\/strong><\/p>\n\n\n\n<p><strong><br><\/strong><\/p>\n\n\n\n<p><\/p>\n","protected":false},"excerpt":{"rendered":"<p>Publications (* Co-supervised students) 28 &#8211; L. Chalmandrier, D. Cunillera-Montcusi, N. Lopez-Rojo, M. Canedo-Arguelles, Z. Csabai, A. Foulquier, F. Jabot, M. Milisa, H. Mykra, P. Paril, B. Pernecker, L. Polovic, R. Sarremejane, H. Snare, M. Soria, T. Datry, N. Bonada, F. Munoz. Natural Disturbances and Connectivity Drive Seasonal Taxonomic and Trait Patterns of Aquatic Macroinvertebrate [&hellip;]<\/p>\n","protected":false},"author":1,"featured_media":0,"parent":0,"menu_order":2,"comment_status":"closed","ping_status":"closed","template":"","meta":{"footnotes":""},"class_list":["post-18","page","type-page","status-publish","hentry"],"_links":{"self":[{"href":"http:\/\/lchalmandrier.legtux.org\/research\/wp-json\/wp\/v2\/pages\/18","targetHints":{"allow":["GET"]}}],"collection":[{"href":"http:\/\/lchalmandrier.legtux.org\/research\/wp-json\/wp\/v2\/pages"}],"about":[{"href":"http:\/\/lchalmandrier.legtux.org\/research\/wp-json\/wp\/v2\/types\/page"}],"author":[{"embeddable":true,"href":"http:\/\/lchalmandrier.legtux.org\/research\/wp-json\/wp\/v2\/users\/1"}],"replies":[{"embeddable":true,"href":"http:\/\/lchalmandrier.legtux.org\/research\/wp-json\/wp\/v2\/comments?post=18"}],"version-history":[{"count":165,"href":"http:\/\/lchalmandrier.legtux.org\/research\/wp-json\/wp\/v2\/pages\/18\/revisions"}],"predecessor-version":[{"id":666,"href":"http:\/\/lchalmandrier.legtux.org\/research\/wp-json\/wp\/v2\/pages\/18\/revisions\/666"}],"wp:attachment":[{"href":"http:\/\/lchalmandrier.legtux.org\/research\/wp-json\/wp\/v2\/media?parent=18"}],"curies":[{"name":"wp","href":"https:\/\/api.w.org\/{rel}","templated":true}]}}